{"id":1644,"date":"2026-02-20T12:52:45","date_gmt":"2026-02-20T11:52:45","guid":{"rendered":"https:\/\/newpersonalett.com\/?page_id=1644"},"modified":"2026-02-20T19:45:16","modified_gmt":"2026-02-20T18:45:16","slug":"aviso-legal","status":"publish","type":"page","link":"https:\/\/newpersonalett.com\/?page_id=1644","title":{"rendered":"Aviso Legal"},"content":{"rendered":"\t\t<div data-elementor-type=\"wp-page\" data-elementor-id=\"1644\" class=\"elementor elementor-1644\" data-elementor-post-type=\"page\">\n\t\t\t\t<div class=\"elementor-element elementor-element-a633544 e-con-full e-flex e-con e-parent\" data-id=\"a633544\" data-element_type=\"container\" data-settings=\"{&quot;background_background&quot;:&quot;classic&quot;}\">\n\t\t\t\t<div class=\"elementor-element elementor-element-eabc486 elementor-widget elementor-widget-heading\" data-id=\"eabc486\" data-element_type=\"widget\" data-widget_type=\"heading.default\">\n\t\t\t\t<div class=\"elementor-widget-container\">\n\t\t\t\t\t<h2 class=\"elementor-heading-title elementor-size-default\">Aviso Legal<\/h2>\t\t\t\t<\/div>\n\t\t\t\t<\/div>\n\t\t\t\t<div class=\"elementor-element elementor-element-22758a1 elementor-widget elementor-widget-text-editor\" data-id=\"22758a1\" data-element_type=\"widget\" data-widget_type=\"text-editor.default\">\n\t\t\t\t<div class=\"elementor-widget-container\">\n\t\t\t\t\t\t\t\t\t<p>Aviso legal para p\u00e1gina web con pol\u00edtica de protecci\u00f3n de datos Informaci\u00f3n general sobre New Personal<\/p><p>El sitio web y su contenido son propiedad de:<\/p><p>NEW PERSONAL EMPRESA DE TRABAJO TEMPORAL MADRID S.L.., con CIF B88198932, domicilio social en Paseo de la Castellana, 190, inscrita en el Registro Mercantil de Madrid.<\/p><p>Pueden ponerse en contacto con nosotros en el domicilio rese\u00f1ado, enviando un correo electr\u00f3nico a gestiondepersonal@newpersonal.es.<\/p><p><strong>TERMINOS Y CONDICIONES DE USO<\/strong><\/p><p>El acceso y utilizaci\u00f3n de este sitio web atribuye al visitante la condici\u00f3n de usuario. Ello supone que el usuario acepta las condiciones de uso vigentes en cada momento y se compromete a hacer un uso adecuado de los contenidos del sitio web y a observar y cumplir rigurosamente cuanto se disponga en este aviso y en las normas que sean de aplicaci\u00f3n.<\/p><p>New Personal se reserva el derecho a efectuar las modificaciones que estime convenientes, a\u00f1adiendo, cambiando o eliminando contenidos o servicios prestados a trav\u00e9s del sitio web; as\u00ed como el de retirar cualquier aportaci\u00f3n o comentario que contravenga las reglas descritas anteriormente.<\/p><p>New Personal no se har\u00e1 responsable en ning\u00fan caso de las opiniones vertidas por el usuario a trav\u00e9s de las herramientas de participaci\u00f3n ofrecidas por el sitio web.<\/p><p>El sitio web requiere que el usuario se inscriba, registre datos personales o rellene formularios.<\/p><p>El acceso al sitio web es libre y gratuito para el usuario en todas sus partes, contenidos, etc.<\/p><p><strong>POL\u00cdTICA DE PRIVACIDAD Y PROTECCI\u00d3N DE DATOS<\/strong><\/p><p>En cumplimiento de lo dispuesto por el Reglamento 2016\/679, del Parlamento Europeo y del Consejo, de 27 de abril de 2016, New Personal como responsable del sitio web, informa a todos los usuarios que faciliten o vayan a facilitar sus datos personales, que estos ser\u00e1n objeto de tratamiento que se haya registrado entre las actividades de tratamiento de New Personal, conforme a lo previsto en el art\u00edculo 30\u00a0<span style=\"font-family: var( --e-global-typography-text-font-family ), Sans-serif; text-align: var(--text-align); font-size: 1rem;\">del RGPD.<\/span><\/p><p>El titular del sitio web es New Personal, cuyos datos identificativos y registrales encabezan este aviso legal.<\/p><p>New Personal, a trav\u00e9s de los formularios que pone a disposici\u00f3n del usuario, puede recopilar la informaci\u00f3n personal que se detallar\u00e1 a continuaci\u00f3n con la finalidad de adecuar nuestras ofertas comerciales a sus peticiones para poder ofrecerle un servicio m\u00e1s personalizado y eficaz: nombre y apellidos, sexo, fecha de nacimiento, direcci\u00f3n postal y de correo electr\u00f3nico, n\u00famero de tel\u00e9fono, tarjeta\u00a0<span style=\"font-family: var( --e-global-typography-text-font-family ), Sans-serif; text-align: var(--text-align); font-size: 1rem;\">bancaria y n\u00famero de cuenta.<\/span><\/p><p>El usuario proporciona la informaci\u00f3n solicitada voluntariamente. La negativa a suministrarla tiene, como \u00fanica consecuencia para el usuario, no recibir informaci\u00f3n ajustada a sus preferencias ni los servicios que\u00a0<span style=\"font-family: var( --e-global-typography-text-font-family ), Sans-serif; text-align: var(--text-align); font-size: 1rem;\">ofrece el sitio web.<\/span><\/p><p>Al marcar la casilla correspondiente, el usuario acepta expresamente y de forma libre, que sus datos personales sean tratados por New Personal con los siguientes fines, de conformidad con el art\u00edculo 6.2\u00a0<span style=\"font-family: var( --e-global-typography-text-font-family ), Sans-serif; text-align: var(--text-align); font-size: 1rem;\">LOPDGDD<\/span><\/p><p>\u2022 Atender las consultas del usuario, Enviar al usuario comunicaciones comerciales<\/p><p>New Personal, en cuanto responsable del fichero y del tratamiento de los datos de car\u00e1cter personal, est\u00e1 obligada a guardar secreto profesional respecto de todos ellos as\u00ed como a guardarlos, obligaciones que subsistir\u00e1n aun despu\u00e9s de finalizar las relaciones del usuario con New Personal.<\/p><p>New Personal garantiza en todo momento al usuario el ejercicio de sus derechos de acceso, rectificaci\u00f3n, limitaci\u00f3n, supresi\u00f3n, cancelaci\u00f3n, portabilidad y oposici\u00f3n sobre los datos personales facilitados.<\/p><p>Asimismo, se garantiza en todo momento el ejercicio de sus derechos a ser notificado por el responsable respecto a cualquier rectificaci\u00f3n, supresi\u00f3n o limitaci\u00f3n del tratamiento de los datos, salvo que sea imposible o exija un esfuerzo desproporcionado, y tiene derecho a no ser objeto de una decisi\u00f3n que produzca efectos jur\u00eddicos basada \u00fanicamente en el tratamiento automatizado, dirigi\u00e9ndose por escrito a New Personal, a la direcci\u00f3n del propietario de la p\u00e1gina web o a trav\u00e9s de la direcci\u00f3n de correo\u00a0<span style=\"font-family: var( --e-global-typography-text-font-family ), Sans-serif; text-align: var(--text-align); font-size: 1rem;\">electr\u00f3nico gestiondepersonal@newpersonal.es.<\/span><\/p><p>En la pr\u00e1ctica de los servicios que prestamos, hacemos uso de la herramienta Hostinger, perteneciente a\u00a0<span style=\"font-family: var( --e-global-typography-text-font-family ), Sans-serif; text-align: var(--text-align); font-size: 1rem;\">la compa\u00f1\u00eda Hostinger<\/span><\/p><p><strong>POL\u00cdTICA DE COOKIES<\/strong><\/p><p>New Personal, por su propia cuenta o la de un tercero contratado para la prestaci\u00f3n de servicios de medici\u00f3n, puede utilizar cookies cuando un usuario navega por el sitio web.<\/p><p>Las cookies son ficheros enviados al navegador por medio de un servidor web para la finalidad de registrar las actividades del usuario durante su tiempo de navegaci\u00f3n.<\/p><p>Mediante el uso de las cookies, tanto del sitio web como de terceros relacionados con \u00e9ste, es posible conocer m\u00faltiples detalles de la actividad del usuario; por ejemplo, el lugar desde el que accede, el tiempo de conexi\u00f3n, el sistema operativo empleado, las p\u00e1ginas visitadas y otros datos relativos al comportamiento del usuario en internet (par\u00e1metros del tr\u00e1fico, n\u00famero de entradas, etc.).<\/p><p>Es posible acceder al sitio web desactivando las cookies pero podr\u00eda interferir en el correcto\u00a0<span style=\"font-family: var( --e-global-typography-text-font-family ), Sans-serif; text-align: var(--text-align); font-size: 1rem;\">funcionamiento de aquel.<\/span><\/p><p>Las cookies que emplea el sitio web s\u00f3lo se asocian con usuarios an\u00f3nimos y su ordenador sin que puedan suministrar, por s\u00ed mismas, datos personales de aqu\u00e9llos. Las cookies no recogen informaci\u00f3n\u00a0<span style=\"font-family: var( --e-global-typography-text-font-family ), Sans-serif; text-align: var(--text-align); font-size: 1rem;\">personal que permita la identificaci\u00f3n de un usuario concreto.<\/span><\/p><p>Las cookies que emplea este sitio web son siempre temporales \u0443, en ning\u00fan caso, tendr\u00e1n una vigencia\u00a0<span style=\"font-family: var( --e-global-typography-text-font-family ), Sans-serif; text-align: var(--text-align); font-size: 1rem;\">superior a cuatro a\u00f1os.<\/span><\/p><p><strong>POL\u00cdTICA DE ENLACES<\/strong><\/p><p>El sitio web puede contener enlaces a otros sitios web con pol\u00edticas de privacidad diferentes a la de \u00e9ste [newpersonalett.es]. no se hace responsable del contenido o pr\u00e1cticas de los sitios enlazados y se<\/p><p>recomienda al usuario la lectura detallada de la pol\u00edtica de privacidad de cualquier sitio web al que acceda<\/p><p>desde \u00e9ste.<\/p><p><strong>PROPIEDAD INTELECTUAL E INDUSTRIAL<\/strong><\/p><p>Este sitio web es propiedad de New Personal.<\/p><p>La denominaci\u00f3n, el dise\u00f1o y los logotipos que componen este sitio web son marcas debidamente registradas. Su uso indebido podr\u00e1 ser perseguido de conformidad con la legislaci\u00f3n vigente.<\/p><p>Los derechos de propiedad intelectual y marcas de terceros est\u00e1n destacados y el usuario debe\u00a0<span style=\"font-family: var( --e-global-typography-text-font-family ), Sans-serif; text-align: var(--text-align); font-size: 1rem;\">respetarlos en cualquier caso.<\/span><\/p><p>\u2022 El usuario no est\u00e1 autorizado, en ning\u00fan caso, para descargar contenidos del sitio web.<\/p>\t\t\t\t\t\t\t\t<\/div>\n\t\t\t\t<\/div>\n\t\t\t\t<\/div>\n\t\t\t\t<\/div>\n\t\t","protected":false},"excerpt":{"rendered":"<p>Aviso Legal Aviso legal para p\u00e1gina web con pol\u00edtica de protecci\u00f3n de datos Informaci\u00f3n general sobre New Personal El sitio web y su contenido son propiedad de: NEW PERSONAL EMPRESA DE TRABAJO TEMPORAL MADRID S.L.., con CIF B88198932, domicilio social en Paseo de la Castellana, 190, inscrita en el Registro Mercantil de Madrid. Pueden ponerse [&hellip;]<\/p>\n","protected":false},"author":1,"featured_media":0,"parent":0,"menu_order":0,"comment_status":"closed","ping_status":"closed","template":"","meta":{"footnotes":""},"class_list":["post-1644","page","type-page","status-publish","hentry"],"yoast_head":"<!-- This site is optimized with the Yoast SEO plugin v24.4 - https:\/\/yoast.com\/wordpress\/plugins\/seo\/ -->\n<title>Aviso Legal - newpersonalett.com<\/title>\n<meta name=\"robots\" content=\"index, follow, max-snippet:-1, max-image-preview:large, max-video-preview:-1\" \/>\n<link rel=\"canonical\" href=\"https:\/\/newpersonalett.com\/?page_id=1644\" \/>\n<meta property=\"og:locale\" content=\"es_ES\" \/>\n<meta property=\"og:type\" content=\"article\" \/>\n<meta property=\"og:title\" content=\"Aviso Legal - newpersonalett.com\" \/>\n<meta property=\"og:description\" content=\"Aviso Legal Aviso legal para p\u00e1gina web con pol\u00edtica de protecci\u00f3n de datos Informaci\u00f3n general sobre New Personal El sitio web y su contenido son propiedad de: NEW PERSONAL EMPRESA DE TRABAJO TEMPORAL MADRID S.L.., con CIF B88198932, domicilio social en Paseo de la Castellana, 190, inscrita en el Registro Mercantil de Madrid. Pueden ponerse [&hellip;]\" \/>\n<meta property=\"og:url\" content=\"https:\/\/newpersonalett.com\/?page_id=1644\" \/>\n<meta property=\"og:site_name\" content=\"newpersonalett.com\" \/>\n<meta property=\"article:modified_time\" content=\"2026-02-20T18:45:16+00:00\" \/>\n<meta name=\"twitter:card\" content=\"summary_large_image\" \/>\n<meta name=\"twitter:label1\" content=\"Tiempo de lectura\" \/>\n\t<meta name=\"twitter:data1\" content=\"5 minutos\" \/>\n<script type=\"application\/ld+json\" class=\"yoast-schema-graph\">{\"@context\":\"https:\/\/schema.org\",\"@graph\":[{\"@type\":\"WebPage\",\"@id\":\"https:\/\/newpersonalett.com\/?page_id=1644\",\"url\":\"https:\/\/newpersonalett.com\/?page_id=1644\",\"name\":\"Aviso Legal - newpersonalett.com\",\"isPartOf\":{\"@id\":\"https:\/\/newpersonalett.com\/#website\"},\"datePublished\":\"2026-02-20T11:52:45+00:00\",\"dateModified\":\"2026-02-20T18:45:16+00:00\",\"breadcrumb\":{\"@id\":\"https:\/\/newpersonalett.com\/?page_id=1644#breadcrumb\"},\"inLanguage\":\"es\",\"potentialAction\":[{\"@type\":\"ReadAction\",\"target\":[\"https:\/\/newpersonalett.com\/?page_id=1644\"]}]},{\"@type\":\"BreadcrumbList\",\"@id\":\"https:\/\/newpersonalett.com\/?page_id=1644#breadcrumb\",\"itemListElement\":[{\"@type\":\"ListItem\",\"position\":1,\"name\":\"Portada\",\"item\":\"https:\/\/newpersonalett.com\/\"},{\"@type\":\"ListItem\",\"position\":2,\"name\":\"Aviso Legal\"}]},{\"@type\":\"WebSite\",\"@id\":\"https:\/\/newpersonalett.com\/#website\",\"url\":\"https:\/\/newpersonalett.com\/\",\"name\":\"newpersonalett.com\",\"description\":\"El sitio de New Personal una ETT que provee y forma personal de hosteler\u00eda\",\"publisher\":{\"@id\":\"https:\/\/newpersonalett.com\/#organization\"},\"potentialAction\":[{\"@type\":\"SearchAction\",\"target\":{\"@type\":\"EntryPoint\",\"urlTemplate\":\"https:\/\/newpersonalett.com\/?s={search_term_string}\"},\"query-input\":{\"@type\":\"PropertyValueSpecification\",\"valueRequired\":true,\"valueName\":\"search_term_string\"}}],\"inLanguage\":\"es\"},{\"@type\":\"Organization\",\"@id\":\"https:\/\/newpersonalett.com\/#organization\",\"name\":\"newpersonalett.com\",\"url\":\"https:\/\/newpersonalett.com\/\",\"logo\":{\"@type\":\"ImageObject\",\"inLanguage\":\"es\",\"@id\":\"https:\/\/newpersonalett.com\/#\/schema\/logo\/image\/\",\"url\":\"https:\/\/newpersonalett.com\/wp-content\/uploads\/2024\/09\/Copia-de-EPS_NewPersonal-completo.png\",\"contentUrl\":\"https:\/\/newpersonalett.com\/wp-content\/uploads\/2024\/09\/Copia-de-EPS_NewPersonal-completo.png\",\"width\":3508,\"height\":1034,\"caption\":\"newpersonalett.com\"},\"image\":{\"@id\":\"https:\/\/newpersonalett.com\/#\/schema\/logo\/image\/\"}}]}<\/script>\n<!-- \/ Yoast SEO plugin. -->","yoast_head_json":{"title":"Aviso Legal - newpersonalett.com","robots":{"index":"index","follow":"follow","max-snippet":"max-snippet:-1","max-image-preview":"max-image-preview:large","max-video-preview":"max-video-preview:-1"},"canonical":"https:\/\/newpersonalett.com\/?page_id=1644","og_locale":"es_ES","og_type":"article","og_title":"Aviso Legal - newpersonalett.com","og_description":"Aviso Legal Aviso legal para p\u00e1gina web con pol\u00edtica de protecci\u00f3n de datos Informaci\u00f3n general sobre New Personal El sitio web y su contenido son propiedad de: NEW PERSONAL EMPRESA DE TRABAJO TEMPORAL MADRID S.L.., con CIF B88198932, domicilio social en Paseo de la Castellana, 190, inscrita en el Registro Mercantil de Madrid. Pueden ponerse [&hellip;]","og_url":"https:\/\/newpersonalett.com\/?page_id=1644","og_site_name":"newpersonalett.com","article_modified_time":"2026-02-20T18:45:16+00:00","twitter_card":"summary_large_image","twitter_misc":{"Tiempo de lectura":"5 minutos"},"schema":{"@context":"https:\/\/schema.org","@graph":[{"@type":"WebPage","@id":"https:\/\/newpersonalett.com\/?page_id=1644","url":"https:\/\/newpersonalett.com\/?page_id=1644","name":"Aviso Legal - newpersonalett.com","isPartOf":{"@id":"https:\/\/newpersonalett.com\/#website"},"datePublished":"2026-02-20T11:52:45+00:00","dateModified":"2026-02-20T18:45:16+00:00","breadcrumb":{"@id":"https:\/\/newpersonalett.com\/?page_id=1644#breadcrumb"},"inLanguage":"es","potentialAction":[{"@type":"ReadAction","target":["https:\/\/newpersonalett.com\/?page_id=1644"]}]},{"@type":"BreadcrumbList","@id":"https:\/\/newpersonalett.com\/?page_id=1644#breadcrumb","itemListElement":[{"@type":"ListItem","position":1,"name":"Portada","item":"https:\/\/newpersonalett.com\/"},{"@type":"ListItem","position":2,"name":"Aviso Legal"}]},{"@type":"WebSite","@id":"https:\/\/newpersonalett.com\/#website","url":"https:\/\/newpersonalett.com\/","name":"newpersonalett.com","description":"El sitio de New Personal una ETT que provee y forma personal de hosteler\u00eda","publisher":{"@id":"https:\/\/newpersonalett.com\/#organization"},"potentialAction":[{"@type":"SearchAction","target":{"@type":"EntryPoint","urlTemplate":"https:\/\/newpersonalett.com\/?s={search_term_string}"},"query-input":{"@type":"PropertyValueSpecification","valueRequired":true,"valueName":"search_term_string"}}],"inLanguage":"es"},{"@type":"Organization","@id":"https:\/\/newpersonalett.com\/#organization","name":"newpersonalett.com","url":"https:\/\/newpersonalett.com\/","logo":{"@type":"ImageObject","inLanguage":"es","@id":"https:\/\/newpersonalett.com\/#\/schema\/logo\/image\/","url":"https:\/\/newpersonalett.com\/wp-content\/uploads\/2024\/09\/Copia-de-EPS_NewPersonal-completo.png","contentUrl":"https:\/\/newpersonalett.com\/wp-content\/uploads\/2024\/09\/Copia-de-EPS_NewPersonal-completo.png","width":3508,"height":1034,"caption":"newpersonalett.com"},"image":{"@id":"https:\/\/newpersonalett.com\/#\/schema\/logo\/image\/"}}]}},"_links":{"self":[{"href":"https:\/\/newpersonalett.com\/index.php?rest_route=\/wp\/v2\/pages\/1644","targetHints":{"allow":["GET"]}}],"collection":[{"href":"https:\/\/newpersonalett.com\/index.php?rest_route=\/wp\/v2\/pages"}],"about":[{"href":"https:\/\/newpersonalett.com\/index.php?rest_route=\/wp\/v2\/types\/page"}],"author":[{"embeddable":true,"href":"https:\/\/newpersonalett.com\/index.php?rest_route=\/wp\/v2\/users\/1"}],"replies":[{"embeddable":true,"href":"https:\/\/newpersonalett.com\/index.php?rest_route=%2Fwp%2Fv2%2Fcomments&post=1644"}],"version-history":[{"count":9,"href":"https:\/\/newpersonalett.com\/index.php?rest_route=\/wp\/v2\/pages\/1644\/revisions"}],"predecessor-version":[{"id":1669,"href":"https:\/\/newpersonalett.com\/index.php?rest_route=\/wp\/v2\/pages\/1644\/revisions\/1669"}],"wp:attachment":[{"href":"https:\/\/newpersonalett.com\/index.php?rest_route=%2Fwp%2Fv2%2Fmedia&parent=1644"}],"curies":[{"name":"wp","href":"https:\/\/api.w.org\/{rel}","templated":true}]}}